{"id":3708,"date":"2018-05-07T09:06:00","date_gmt":"2018-05-07T08:06:00","guid":{"rendered":"http:\/\/www.csahr.com\/rueil\/?page_id=3708"},"modified":"2023-10-12T12:37:41","modified_gmt":"2023-10-12T11:37:41","slug":"faq","status":"publish","type":"page","link":"https:\/\/www.csahr.com\/rueil\/faq\/","title":{"rendered":"Foire aux questions"},"content":{"rendered":"<p>Sur cette page, vous trouverez les r\u00e9ponses aux questions les plus pos\u00e9es. Essayez de trouver la votre avant de nous \u00e9crire \ud83d\ude09<\/p>\n<h2>Est-ce qu&rsquo;il reste des places ?<\/h2>\n<p>La r\u00e9ponse est oui ! \u00c0 moins qu&rsquo;il ne soit clairement indiqu\u00e9 sur la page de la discipline que le cours est complet, il reste des places. Vous pouvez vous pr\u00e9inscrire pour r\u00e9server votre place.<\/p>\n<h2>Quels sont les moyens de paiement accept\u00e9s ?<\/h2>\n<p>Le r\u00e8glement est effectu\u00e9 directement aupr\u00e8s du professeur de la discipline. Les moyens de paiement accept\u00e9s par les professeurs sont les ch\u00e8ques, les esp\u00e8ces et les Pass+.<\/p>\n<p>Si vous souhaitez payer en esp\u00e8ce, pr\u00e9voyez l&rsquo;appoint. Les r\u00e8glements par carte bancaire, coupon sport ou ch\u00e8que vacances ne sont pas (encore) accept\u00e9s.<\/p>\n<h2>Est-il possible de payer en plusieurs fois ?<\/h2>\n<p>Dans la plupart des cas, oui. Les modalit\u00e9s de paiement en plusieurs fois sont fix\u00e9es directement par les professeurs. Elles sont \u00e0 discuter lors de votre rencontre avec eux pour l&rsquo;inscription d\u00e9finitive.<\/p>\n<h2>Les cours ont d\u00e9j\u00e0 commenc\u00e9. Puis-je encore m&rsquo;inscrire ?<\/h2>\n<p>Oui. Les inscriptions sont possibles tout au long de l&rsquo;ann\u00e9e. N&rsquo;h\u00e9sitez pas \u00e0 vous pr\u00e9inscrire sur le site web pour gagner du temps lors de l&rsquo;inscription. Pour vous inscrire, en dehors de la p\u00e9riode des inscriptions, rendez-vous directement aupr\u00e8s du professeur d\u00e8s le prochain cours.<\/p>\n<h5>Dans ce cas, est-ce que je vais payer pour toute l&rsquo;ann\u00e9e ?<\/h5>\n<p>Les modalit\u00e9s sont \u00e0 voir directement avec le professeur. En fonction de la p\u00e9riode \u00e0 laquelle vous souhaitez vous inscrire, les professeurs pourront \u00e9ventuellement vous faire b\u00e9n\u00e9ficier d&rsquo;une r\u00e9duction sur le montant des cours. Le montant de l&rsquo;adh\u00e9sion et de la licence f\u00e9d\u00e9rale ne peuvent pas faire l&rsquo;objet d&rsquo;une r\u00e9duction.<\/p>\n<h2>Combien de cours puis-je faire pour le tarif annonc\u00e9 ?<\/h2>\n<p>Sauf mention contraire, les tarifs annonc\u00e9s sont forfaitaire et permettent l&rsquo;acc\u00e8s pour toute l&rsquo;ann\u00e9e \u00e0 l&rsquo;ensemble des cours de votre niveau. Le tarif est donc le m\u00eame que vous souhaitiez venir \u00e0 un ou plusieurs cours par semaine de votre niveau.<\/p>\n<h2>Est-il possible de faire un cours d&rsquo;essai ?<\/h2>\n<p>Oui, le premier cours que vous suivrez est un cours d&rsquo;essai et ne n\u00e9cessite pas d&rsquo;inscription d\u00e9finitive. Si vous avez un kimono, prenez-le, sinon venez en tenue de sport, sans \u00e9quipement particulier. Pas besoin de r\u00e9server ou de pr\u00e9venir pour le cours d&rsquo;essai. Pr\u00e9sentez-vous simplement aux horaire de cours habituels.<\/p>\n<h2>Quel est l&rsquo;\u00e9quipement n\u00e9cessaire ?<\/h2>\n<p>En fonction de votre niveau et de la discipline, l&rsquo;\u00e9quipement n\u00e9cessaire peut varier. Rapprochez-vous du professeur lors de l&rsquo;inscription d\u00e9finitive qui vous conseillera au mieux.<\/p>\n<h2>Y a t-il cours pendant les vacances scolaires ?<\/h2>\n<p>Non, pas de cours pendant les vacances scolaires.<\/p>\n<h2>J&rsquo;ai besoin d&rsquo;une attestation de paiement ou d&rsquo;une facture pour justifier aupr\u00e8s de mon CE<\/h2>\n<p>Les attestations de paiement et les factures sont fournies directement par les professeurs.<\/p>\n<h2>Pourquoi un certificat m\u00e9dical est n\u00e9cessaire ?<\/h2>\n<p>Le certificat m\u00e9dical est n\u00e9cessaire pour prendre la licence aupr\u00e8s de la f\u00e9d\u00e9ration et que vous soyez correctement assur\u00e9 pour la pratique de la discipline. Le certificat m\u00e9dical doit \u00eatre obtenu aupr\u00e8s d&rsquo;un m\u00e9decin g\u00e9n\u00e9raliste.<\/p>\n<h2>Est-ce que je dispose d&rsquo;une licence d&rsquo;une f\u00e9d\u00e9ration ?<\/h2>\n<p>Oui, toutes nos sections sont affili\u00e9es \u00e0 une f\u00e9d\u00e9ration nationale. Votre professeur doit vous remettre votre licence, ce qui permet de garantir que vous \u00eates assur\u00e9 pour la discipline. S&rsquo;il oublie, n&rsquo;h\u00e9sitez pas \u00e0 la r\u00e9clamer. \u00a0 \u00a0 \u00a0 \u00a0<\/p>\n","protected":false},"excerpt":{"rendered":"<p>Sur cette page, vous trouverez les r\u00e9ponses aux questions les plus pos\u00e9es. Essayez de trouver la votre avant de nous \u00e9crire \ud83d\ude09 Est-ce qu&rsquo;il reste des places ? La r\u00e9ponse est oui ! \u00c0 moins qu&rsquo;il ne soit clairement indiqu\u00e9 sur la page de la discipline que le cours est complet, il reste des places.<\/p>\n<p class=\"readmore\"> <a href=\"https:\/\/www.csahr.com\/rueil\/faq\/\" title=\"Read Foire aux questions\">En savoir plus&#8230;<\/a> <\/p>\n","protected":false},"author":18,"featured_media":0,"parent":0,"menu_order":0,"comment_status":"closed","ping_status":"closed","template":"","meta":[],"_links":{"self":[{"href":"https:\/\/www.csahr.com\/rueil\/wp-json\/wp\/v2\/pages\/3708"}],"collection":[{"href":"https:\/\/www.csahr.com\/rueil\/wp-json\/wp\/v2\/pages"}],"about":[{"href":"https:\/\/www.csahr.com\/rueil\/wp-json\/wp\/v2\/types\/page"}],"author":[{"embeddable":true,"href":"https:\/\/www.csahr.com\/rueil\/wp-json\/wp\/v2\/users\/18"}],"replies":[{"embeddable":true,"href":"https:\/\/www.csahr.com\/rueil\/wp-json\/wp\/v2\/comments?post=3708"}],"version-history":[{"count":14,"href":"https:\/\/www.csahr.com\/rueil\/wp-json\/wp\/v2\/pages\/3708\/revisions"}],"predecessor-version":[{"id":4918,"href":"https:\/\/www.csahr.com\/rueil\/wp-json\/wp\/v2\/pages\/3708\/revisions\/4918"}],"wp:attachment":[{"href":"https:\/\/www.csahr.com\/rueil\/wp-json\/wp\/v2\/media?parent=3708"}],"curies":[{"name":"wp","href":"https:\/\/api.w.org\/{rel}","templated":true}]}}